{"id":30356,"date":"2024-05-30T23:40:15","date_gmt":"2024-05-31T02:40:15","guid":{"rendered":"https:\/\/rebranding.grupo-giga.com\/terminos-del-servicio\/"},"modified":"2024-05-30T23:40:16","modified_gmt":"2024-05-31T02:40:16","slug":"terminos-del-servicio","status":"publish","type":"page","link":"https:\/\/grupo-giga.com\/es\/terminos-del-servicio\/","title":{"rendered":"T\u00e9rminos del Servicio"},"content":{"rendered":"<p>[et_pb_section fb_built=\u00bb1&#8243; _builder_version=\u00bb4.25.0&#8243; _module_preset=\u00bbdefault\u00bb hover_enabled=\u00bb0&#8243; global_colors_info=\u00bb{}\u00bb custom_padding=\u00bb120px||||false|false\u00bb sticky_enabled=\u00bb0&#8243;][et_pb_row _builder_version=\u00bb4.25.0&#8243; _module_preset=\u00bbdefault\u00bb global_colors_info=\u00bb{}\u00bb][et_pb_column type=\u00bb4_4&#8243; _builder_version=\u00bb4.25.0&#8243; _module_preset=\u00bbdefault\u00bb global_colors_info=\u00bb{}\u00bb][et_pb_text _builder_version=\u00bb4.25.0&#8243; _module_preset=\u00bbdefault\u00bb header_font=\u00bb|700|||||||\u00bb header_3_font=\u00bb|700|||||||\u00bb hover_enabled=\u00bb0&#8243; global_colors_info=\u00bb{}\u00bb sticky_enabled=\u00bb0&#8243;]<\/p>\n<h1>T\u00e9rminos y Condiciones del Servicio<\/h1>\n<p>&nbsp;<\/p>\n<p>Estos T\u00e9rminos y Condiciones del Servicio (\u00abT\u00e9rminos\u00bb) rigen tu acceso y uso de nuestros servicios de desarrollo de software, incluido cualquier contenido, funcionalidad y servicios ofrecidos en o a trav\u00e9s de nuestro sitio web (colectivamente, los \u00abServicios\u00bb). Por favor, lee estos T\u00e9rminos detenidamente antes de usar los Servicios. <\/p>\n<h3>1. Aceptaci\u00f3n de los T\u00e9rminos<\/h3>\n<p>Al acceder o usar los Servicios, aceptas quedar vinculado por estos T\u00e9rminos y nuestra Pol\u00edtica de Privacidad. Si no aceptas estos T\u00e9rminos o nuestra Pol\u00edtica de Privacidad, no puedes acceder o usar los Servicios. <\/p>\n<h3>2. Descripci\u00f3n de los Servicios<\/h3>\n<p>Giga IT proporciona servicios de desarrollo de software especializados en soluciones Nearshore. Nuestros Servicios incluyen, pero no se limitan a, dise\u00f1o de software, desarrollo, pruebas y mantenimiento. <\/p>\n<h3>3. Registro de Cuenta<\/h3>\n<p>Para acceder a ciertas funciones de los Servicios, es posible que se te solicite registrarte para obtener una cuenta con Giga IT. Aceptas proporcionar informaci\u00f3n precisa, actual y completa durante el proceso de registro y actualizar dicha informaci\u00f3n para mantenerla precisa, actual y completa. <\/p>\n<h3>4. Propiedad Intelectual<\/h3>\n<p>Todos los derechos de propiedad intelectual en los Servicios, incluidos, entre otros, el software, la tecnolog\u00eda, las marcas comerciales y los logotipos, son propiedad de Giga IT o sus licenciantes. No puedes usar, copiar, reproducir, modificar, distribuir o crear obras derivadas de ninguna parte de los Servicios sin nuestro consentimiento previo por escrito. <\/p>\n<h3>5. Contenido del Usuario<\/h3>\n<p>Conservas la propiedad de cualquier contenido que env\u00edes, publiques o muestres en o a trav\u00e9s de los Servicios (\u00abContenido del Usuario\u00bb). Al enviar, publicar o mostrar Contenido del Usuario, otorgas a Giga IT una licencia mundial, no exclusiva y libre de regal\u00edas para usar, copiar, reproducir, procesar, adaptar, modificar, publicar, transmitir, mostrar y distribuir dicho Contenido del Usuario en cualquier y todos los medios o m\u00e9todos de distribuci\u00f3n. <\/p>\n<h3>6. Condiciones de Pago<\/h3>\n<p>El pago por nuestros Servicios se establecer\u00e1 en la declaraci\u00f3n de trabajo aplicable u otro acuerdo entre t\u00fa y Giga IT. Salvo que se especifique lo contrario, todas las tarifas se cotizan y son pagaderas en d\u00f3lares estadounidenses. <\/p>\n<h3>7. Limitaci\u00f3n de Responsabilidad<\/h3>\n<p>En ning\u00fan caso Giga IT, sus funcionarios, directores, empleados o agentes ser\u00e1n responsables ante ti o cualquier tercero por da\u00f1os indirectos, consecuentes, incidentales, especiales o punitivos que surjan de o en conexi\u00f3n con tu uso de los Servicios.<\/p>\n<h3>8. Indemnizaci\u00f3n<\/h3>\n<p>Aceptas indemnizar, defender y eximir de responsabilidad a Giga IT, sus funcionarios, directores, empleados y agentes de y contra cualquier reclamo, responsabilidad, da\u00f1o, p\u00e9rdida, costo, gasto o tarifa (incluidos honorarios razonables de abogados) que surjan de o en conexi\u00f3n con tu uso de los Servicios o cualquier violaci\u00f3n de estos T\u00e9rminos.<\/p>\n<h3>9. Ley Aplicable<\/h3>\n<p>Estos T\u00e9rminos ser\u00e1n regidos y interpretados de acuerdo con las leyes de Estados Unidos, sin tener en cuenta sus disposiciones sobre conflictos de leyes.<\/p>\n<h3>10. Cambios en los T\u00e9rminos<\/h3>\n<p>Giga IT se reserva el derecho de modificar o reemplazar estos T\u00e9rminos en cualquier momento. Si una revisi\u00f3n es material, proporcionaremos al menos 30 d\u00edas de aviso antes de que entren en vigencia los nuevos t\u00e9rminos. Lo que constituye un cambio material ser\u00e1 determinado a nuestra sola discreci\u00f3n.  <\/p>\n<h3>11. Cont\u00e1ctanos<\/h3>\n<p>Si tienes alguna pregunta sobre estos T\u00e9rminos, cont\u00e1ctanos en Giga IT, 2028 Buffalo Terrace, Houston TX, CP 77019, Estados Unidos, Correo Electr\u00f3nico: info@grupo-giga.com, Tel\u00e9fono: +1 (832) 548-5712.<\/p>\n<p>[\/et_pb_text][\/et_pb_column][\/et_pb_row][\/et_pb_section]<\/p>\n","protected":false},"excerpt":{"rendered":"<p>T\u00e9rminos y Condiciones del Servicio &nbsp; Estos T\u00e9rminos y Condiciones del Servicio (\u00abT\u00e9rminos\u00bb) rigen tu acceso y uso de nuestros servicios de desarrollo de software, incluido cualquier contenido, funcionalidad y servicios ofrecidos en o a trav\u00e9s de nuestro sitio web (colectivamente, los \u00abServicios\u00bb). Por favor, lee estos T\u00e9rminos detenidamente antes de usar los Servicios. 1. [&hellip;]<\/p>\n","protected":false},"author":1,"featured_media":0,"parent":0,"menu_order":0,"comment_status":"closed","ping_status":"closed","template":"","meta":{"_acf_changed":false,"_et_pb_use_builder":"on","_et_pb_old_content":"","_et_gb_content_width":"","footnotes":""},"class_list":["post-30356","page","type-page","status-publish","hentry"],"acf":[],"_links":{"self":[{"href":"https:\/\/grupo-giga.com\/es\/wp-json\/wp\/v2\/pages\/30356","targetHints":{"allow":["GET"]}}],"collection":[{"href":"https:\/\/grupo-giga.com\/es\/wp-json\/wp\/v2\/pages"}],"about":[{"href":"https:\/\/grupo-giga.com\/es\/wp-json\/wp\/v2\/types\/page"}],"author":[{"embeddable":true,"href":"https:\/\/grupo-giga.com\/es\/wp-json\/wp\/v2\/users\/1"}],"replies":[{"embeddable":true,"href":"https:\/\/grupo-giga.com\/es\/wp-json\/wp\/v2\/comments?post=30356"}],"version-history":[{"count":2,"href":"https:\/\/grupo-giga.com\/es\/wp-json\/wp\/v2\/pages\/30356\/revisions"}],"predecessor-version":[{"id":30358,"href":"https:\/\/grupo-giga.com\/es\/wp-json\/wp\/v2\/pages\/30356\/revisions\/30358"}],"wp:attachment":[{"href":"https:\/\/grupo-giga.com\/es\/wp-json\/wp\/v2\/media?parent=30356"}],"curies":[{"name":"wp","href":"https:\/\/api.w.org\/{rel}","templated":true}]}}