{"id":30348,"date":"2024-04-18T14:34:47","date_gmt":"2024-04-18T17:34:47","guid":{"rendered":"https:\/\/rebranding.grupo-giga.com\/contacto\/"},"modified":"2025-09-01T20:19:01","modified_gmt":"2025-09-01T23:19:01","slug":"hablemos","status":"publish","type":"page","link":"https:\/\/grupo-giga.com\/es\/hablemos\/","title":{"rendered":"Hablemos"},"content":{"rendered":"<p>[et_pb_section fb_built=\u00bb1&#8243; _builder_version=\u00bb4.25.0&#8243; _module_preset=\u00bbdefault\u00bb background_color=\u00bbgcid-b4327f39-1352-43f4-8c41-e340aa1f3e26&#8243; custom_padding=\u00bb0px||0px||false|false\u00bb global_colors_info=\u00bb{%22gcid-b4327f39-1352-43f4-8c41-e340aa1f3e26%22:%91%22background_color%22%93}\u00bb][et_pb_row column_structure=\u00bb3_4,1_4&#8243; use_custom_gutter=\u00bbon\u00bb gutter_width=\u00bb1&#8243; make_equal=\u00bbon\u00bb _builder_version=\u00bb4.25.0&#8243; _module_preset=\u00bbdefault\u00bb width=\u00bb100%\u00bb max_width=\u00bb100%\u00bb custom_margin=\u00bb||||false|false\u00bb custom_padding=\u00bb0px||0px||false|false\u00bb custom_css_main_element=\u00bbdisplay: -webkit-box;||display: -ms-flexbox;||display: flex;||-webkit-box-align: stretch;||-ms-flex-align: stretch;||        align-items: stretch\u00bb global_colors_info=\u00bb{}\u00bb custom_css_main_element_last_edited=\u00bbon|tablet\u00bb custom_css_main_element_tablet=\u00bbdisplay: block;\u00bb custom_css_main_element_phone=\u00bbdisplay: block;\u00bb][et_pb_column type=\u00bb3_4&#8243; _builder_version=\u00bb4.25.0&#8243; _module_preset=\u00bbdefault\u00bb background_color=\u00bb#FFFFFF\u00bb custom_padding=\u00bb140px|5.5%|60px|10%|false|false\u00bb custom_padding_tablet=\u00bb120px||||false|false\u00bb custom_padding_phone=\u00bb120px||||false|false\u00bb custom_padding_last_edited=\u00bbon|tablet\u00bb global_colors_info=\u00bb{}\u00bb][et_pb_text _builder_version=\u00bb4.27.4&#8243; _module_preset=\u00bbdefault\u00bb header_font=\u00bb||||||||\u00bb header_font_size=\u00bb36px\u00bb header_line_height=\u00bb1.3em\u00bb custom_margin=\u00bb||10px||false|false\u00bb custom_margin_tablet=\u00bb||30px||false|false\u00bb custom_margin_phone=\u00bb||30px||false|false\u00bb custom_margin_last_edited=\u00bboff|desktop\u00bb header_font_size_phone=\u00bb20px\u00bb header_font_size_last_edited=\u00bboff|phone\u00bb global_colors_info=\u00bb{}\u00bb]<\/p>\n<h1>Gracias por tu inter\u00e9s en GIGA IT.<\/h1>\n<p>[\/et_pb_text][et_pb_text _builder_version=\u00bb4.27.4&#8243; _module_preset=\u00bbdefault\u00bb header_font=\u00bb||||||||\u00bb header_font_size=\u00bb20px\u00bb header_line_height=\u00bb1.3em\u00bb header_2_font_size=\u00bb20px\u00bb header_2_line_height=\u00bb1.3em\u00bb custom_margin=\u00bb||30px||false|false\u00bb custom_margin_tablet=\u00bb||30px||false|false\u00bb custom_margin_phone=\u00bb||30px||false|false\u00bb custom_margin_last_edited=\u00bbon|tablet\u00bb hover_enabled=\u00bb0&#8243; header_font_size_phone=\u00bb20px\u00bb header_font_size_last_edited=\u00bboff|phone\u00bb custom_css_free_form=\u00bb.here_link_style{||  color: #25c6a0 !important;||}\u00bb global_colors_info=\u00bb{}\u00bb sticky_enabled=\u00bb0&#8243;]<\/p>\n<h2>Por favor, completa el formulario a continuaci\u00f3n y te responderemos en un plazo m\u00e1ximo de un d\u00eda h\u00e1bil \u2014 o agenda una reuni\u00f3n ahora mismo <a class='here_link_style'  href=\"https:\/\/outlook.office.com\/book\/GIGAITSoftwareFactoryStaffingServices@grupo-giga.com\/?ismsaljsauthenabled\" target=\"_blank\" rel=\"noopener\">aqu\u00ed<\/a>.<\/h2>\n<p>[\/et_pb_text][et_pb_code admin_label=\u00bbFormulario Insights\u00bb module_id=\u00bbformulario_leads\u00bb _builder_version=\u00bb4.27.4&#8243; _module_preset=\u00bbdefault\u00bb global_colors_info=\u00bb{}\u00bb]<div<!-- [et_pb_line_break_holder] -->        data-form-id=&#8217;80d8a153-68ab-ef11-b8e8-6045bdd5b6cd&#8217;<!-- [et_pb_line_break_holder] -->        data-form-api-url=&#8217;https:\/\/public-usa.mkt.dynamics.com\/api\/v1.0\/orgs\/8fc69c2f-422f-4374-af09-cbaa1b166e29\/landingpageforms&#8217;<!-- [et_pb_line_break_holder] -->        data-cached-form-url=&#8217;https:\/\/assets-usa.mkt.dynamics.com\/8fc69c2f-422f-4374-af09-cbaa1b166e29\/digitalassets\/forms\/80d8a153-68ab-ef11-b8e8-6045bdd5b6cd&#8217; ><\/div>\n<p><!-- [et_pb_line_break_holder] -->        <script src = 'https:\/\/cxppusa1formui01cdnsa01-endpoint.azureedge.net\/usa\/FormLoader\/FormLoader.bundle.js' ><\/script>[\/et_pb_code][\/et_pb_column][et_pb_column type=\u00bb1_4&#8243; _builder_version=\u00bb4.25.0&#8243; _module_preset=\u00bbdefault\u00bb background_color=\u00bbgcid-b4327f39-1352-43f4-8c41-e340aa1f3e26&#8243; custom_padding=\u00bb140px|60px|60px|60px|false|true\u00bb custom_padding_tablet=\u00bb180px|60px|60px|60px|false|true\u00bb custom_padding_phone=\u00bb180px|60px|60px|60px|false|true\u00bb custom_padding_last_edited=\u00bbon|desktop\u00bb custom_css_main_element=\u00bb||\u00bb global_colors_info=\u00bb{%22gcid-b4327f39-1352-43f4-8c41-e340aa1f3e26%22:%91%22background_color%22%93}\u00bb custom_css_main_element_last_edited=\u00bboff|desktop\u00bb][et_pb_text _builder_version=\u00bb4.27.4&#8243; _module_preset=\u00bbdefault\u00bb header_text_align=\u00bbcenter\u00bb header_text_color=\u00bb#FFFFFF\u00bb header_2_text_align=\u00bbcenter\u00bb header_2_text_color=\u00bb#FFFFFF\u00bb header_2_font_size=\u00bb28px\u00bb custom_margin=\u00bb||60px||false|false\u00bb global_colors_info=\u00bb{}\u00bb]<\/p>\n<h2>Marcas que conf\u00edan en nosotros<\/h2>\n<p>[\/et_pb_text][et_pb_image src=\u00bbhttps:\/\/grupo-giga.com\/wp-content\/uploads\/2024\/04\/logos_clientes-74.svg\u00bb title_text=\u00bblogos_clientes-74&#8243; align=\u00bbcenter\u00bb _builder_version=\u00bb4.24.3&#8243; _module_preset=\u00bbdefault\u00bb z_index=\u00bb99999&#8243; width=\u00bb40%\u00bb custom_margin=\u00bb||40px||false|false\u00bb global_colors_info=\u00bb{}\u00bb][\/et_pb_image][et_pb_image src=\u00bbhttps:\/\/grupo-giga.com\/wp-content\/uploads\/2024\/04\/logos_clientes-77.svg\u00bb title_text=\u00bblogos_clientes-74&#8243; align=\u00bbcenter\u00bb _builder_version=\u00bb4.24.3&#8243; _module_preset=\u00bbdefault\u00bb z_index=\u00bb99999&#8243; width=\u00bb40%\u00bb custom_margin=\u00bb||40px||false|false\u00bb global_colors_info=\u00bb{}\u00bb][\/et_pb_image][et_pb_image src=\u00bbhttps:\/\/grupo-giga.com\/wp-content\/uploads\/2024\/04\/logos_clientes-73.svg\u00bb title_text=\u00bblogos_clientes-74&#8243; align=\u00bbcenter\u00bb _builder_version=\u00bb4.24.3&#8243; _module_preset=\u00bbdefault\u00bb z_index=\u00bb99999&#8243; width=\u00bb40%\u00bb custom_margin=\u00bb||40px||false|false\u00bb global_colors_info=\u00bb{}\u00bb][\/et_pb_image][et_pb_image src=\u00bbhttps:\/\/grupo-giga.com\/wp-content\/uploads\/2024\/04\/logos_clientes-75.svg\u00bb title_text=\u00bblogos_clientes-74&#8243; align=\u00bbcenter\u00bb _builder_version=\u00bb4.24.3&#8243; _module_preset=\u00bbdefault\u00bb z_index=\u00bb99999&#8243; width=\u00bb40%\u00bb custom_margin=\u00bb||40px||false|false\u00bb global_colors_info=\u00bb{}\u00bb][\/et_pb_image][et_pb_image src=\u00bbhttps:\/\/grupo-giga.com\/wp-content\/uploads\/2024\/04\/logos_clientes-78.svg\u00bb title_text=\u00bblogos_clientes-74&#8243; align=\u00bbcenter\u00bb _builder_version=\u00bb4.24.3&#8243; _module_preset=\u00bbdefault\u00bb z_index=\u00bb99999&#8243; width=\u00bb40%\u00bb custom_margin=\u00bb||40px||false|false\u00bb global_colors_info=\u00bb{}\u00bb][\/et_pb_image][et_pb_image src=\u00bbhttps:\/\/grupo-giga.com\/wp-content\/uploads\/2024\/04\/logos_clientes-76.svg\u00bb title_text=\u00bblogos_clientes-74&#8243; align=\u00bbcenter\u00bb _builder_version=\u00bb4.24.3&#8243; _module_preset=\u00bbdefault\u00bb z_index=\u00bb99999&#8243; width=\u00bb40%\u00bb custom_margin=\u00bb||0px||false|false\u00bb global_colors_info=\u00bb{}\u00bb][\/et_pb_image][\/et_pb_column][\/et_pb_row][\/et_pb_section]<\/p>\n","protected":false},"excerpt":{"rendered":"<p>Gracias por tu inter\u00e9s en GIGA IT.Por favor, completa el formulario a continuaci\u00f3n y te responderemos en un plazo m\u00e1ximo de un d\u00eda h\u00e1bil \u2014 o agenda una reuni\u00f3n ahora mismo aqu\u00ed.Marcas que conf\u00edan en nosotros<\/p>\n","protected":false},"author":1,"featured_media":0,"parent":0,"menu_order":0,"comment_status":"closed","ping_status":"closed","template":"","meta":{"_acf_changed":false,"_et_pb_use_builder":"on","_et_pb_old_content":"","_et_gb_content_width":"","footnotes":""},"class_list":["post-30348","page","type-page","status-publish","hentry"],"acf":[],"_links":{"self":[{"href":"https:\/\/grupo-giga.com\/es\/wp-json\/wp\/v2\/pages\/30348","targetHints":{"allow":["GET"]}}],"collection":[{"href":"https:\/\/grupo-giga.com\/es\/wp-json\/wp\/v2\/pages"}],"about":[{"href":"https:\/\/grupo-giga.com\/es\/wp-json\/wp\/v2\/types\/page"}],"author":[{"embeddable":true,"href":"https:\/\/grupo-giga.com\/es\/wp-json\/wp\/v2\/users\/1"}],"replies":[{"embeddable":true,"href":"https:\/\/grupo-giga.com\/es\/wp-json\/wp\/v2\/comments?post=30348"}],"version-history":[{"count":40,"href":"https:\/\/grupo-giga.com\/es\/wp-json\/wp\/v2\/pages\/30348\/revisions"}],"predecessor-version":[{"id":34540,"href":"https:\/\/grupo-giga.com\/es\/wp-json\/wp\/v2\/pages\/30348\/revisions\/34540"}],"wp:attachment":[{"href":"https:\/\/grupo-giga.com\/es\/wp-json\/wp\/v2\/media?parent=30348"}],"curies":[{"name":"wp","href":"https:\/\/api.w.org\/{rel}","templated":true}]}}