{"id":30245,"date":"2024-04-17T09:22:34","date_gmt":"2024-04-17T12:22:34","guid":{"rendered":"https:\/\/rebranding.grupo-giga.com\/blog\/"},"modified":"2025-03-24T19:45:13","modified_gmt":"2025-03-24T22:45:13","slug":"blog","status":"publish","type":"page","link":"https:\/\/grupo-giga.com\/es\/blog\/","title":{"rendered":"Blog"},"content":{"rendered":"<p>[et_pb_section fb_built=\u00bb1&#8243; admin_label=\u00bbsection\u00bb _builder_version=\u00bb4.24.3&#8243; custom_padding=\u00bb120px||0px||false|false\u00bb global_colors_info=\u00bb{}\u00bb][et_pb_row column_structure=\u00bb2_3,1_3&#8243; use_custom_gutter=\u00bbon\u00bb gutter_width=\u00bb2&#8243; admin_label=\u00bbrow\u00bb _builder_version=\u00bb4.24.3&#8243; background_size=\u00bbinitial\u00bb background_position=\u00bbtop_left\u00bb background_repeat=\u00bbrepeat\u00bb custom_padding=\u00bb||0px|||\u00bb global_colors_info=\u00bb{}\u00bb][et_pb_column type=\u00bb2_3&#8243; _builder_version=\u00bb4.16&#8243; custom_padding=\u00bb|||\u00bb global_colors_info=\u00bb{}\u00bb custom_padding__hover=\u00bb|||\u00bb][et_pb_blog include_categories=\u00bball\u00bb use_manual_excerpt=\u00bboff\u00bb show_author=\u00bboff\u00bb show_date=\u00bboff\u00bb show_excerpt=\u00bboff\u00bb show_pagination=\u00bboff\u00bb _builder_version=\u00bb4.26.0&#8243; _module_preset=\u00bbdefault\u00bb global_colors_info=\u00bb{}\u00bb][\/et_pb_blog][\/et_pb_column][et_pb_column type=\u00bb1_3&#8243; _builder_version=\u00bb4.16&#8243; custom_padding=\u00bb|||\u00bb global_colors_info=\u00bb{}\u00bb custom_padding__hover=\u00bb|||\u00bb][et_pb_sidebar orientation=\u00bbright\u00bb show_border=\u00bboff\u00bb _builder_version=\u00bb4.24.3&#8243; _module_preset=\u00bbdefault\u00bb header_font=\u00bb|700|||||||\u00bb body_text_color=\u00bbgcid-b4327f39-1352-43f4-8c41-e340aa1f3e26&#8243; custom_padding=\u00bb20px||||false|false\u00bb custom_css_main_element=\u00bbborder-top: 3px #25c6a0 solid;\u00bb border_width_top=\u00bb3px\u00bb border_color_top=\u00bbgcid-c36b8280-decc-471d-bb64-cac2fbe6e420&#8243; global_colors_info=\u00bb{%22gcid-c36b8280-decc-471d-bb64-cac2fbe6e420%22:%91%22border_color_top%22%93,%22gcid-b4327f39-1352-43f4-8c41-e340aa1f3e26%22:%91%22body_text_color%22%93}\u00bb][\/et_pb_sidebar][\/et_pb_column][\/et_pb_row][\/et_pb_section][et_pb_section fb_built=\u00bb1&#8243; _builder_version=\u00bb4.24.3&#8243; _module_preset=\u00bbdefault\u00bb background_color=\u00bbgcid-b4327f39-1352-43f4-8c41-e340aa1f3e26&#8243; global_colors_info=\u00bb{%22gcid-b4327f39-1352-43f4-8c41-e340aa1f3e26%22:%91%22background_color%22%93}\u00bb][et_pb_row column_structure=\u00bb1_2,1_2&#8243; make_equal=\u00bbon\u00bb _builder_version=\u00bb4.24.3&#8243; _module_preset=\u00bbdefault\u00bb custom_padding=\u00bb0px||0px|||\u00bb custom_css_main_element=\u00bb-webkit-box-align: center;||-ms-flex-align: center;||        align-items: center;\u00bb global_colors_info=\u00bb{}\u00bb][et_pb_column type=\u00bb1_2&#8243; _builder_version=\u00bb4.24.3&#8243; _module_preset=\u00bbdefault\u00bb global_colors_info=\u00bb{}\u00bb][et_pb_text _builder_version=\u00bb4.27.4&#8243; _module_preset=\u00bbdefault\u00bb text_font=\u00bb|700|||||||\u00bb text_text_color=\u00bb#FFFFFF\u00bb header_font=\u00bb|700|||||||\u00bb header_text_color=\u00bb#FFFFFF\u00bb header_font_size=\u00bb44px\u00bb custom_margin=\u00bb||||false|false\u00bb custom_margin_tablet=\u00bb60px||20px||false|false\u00bb custom_margin_phone=\u00bb60px||20px||false|false\u00bb custom_margin_last_edited=\u00bboff|desktop\u00bb hover_enabled=\u00bb0&#8243; locked=\u00bboff\u00bb global_colors_info=\u00bb{}\u00bb header_2_font=\u00bb|700|||||||\u00bb header_2_text_color=\u00bb#FFFFFF\u00bb header_2_font_size=\u00bb32px\u00bb sticky_enabled=\u00bb0&#8243; header_2_line_height=\u00bb1.5em\u00bb]<\/p>\n<h2>Obtenga informaci\u00f3n \u00fatil y las \u00faltimas novedades tecnol\u00f3gicas<\/h2>\n<p>[\/et_pb_text][\/et_pb_column][et_pb_column type=\u00bb1_2&#8243; _builder_version=\u00bb4.24.3&#8243; _module_preset=\u00bbdefault\u00bb global_colors_info=\u00bb{}\u00bb][et_pb_signup provider=\u00bbhubspot\u00bb hubspot_list=\u00bbGiga|33&#8243; first_name_field=\u00bboff\u00bb last_name_field=\u00bboff\u00bb email_fullwidth=\u00bboff\u00bb button_text=\u00bbEnviar\u00bb admin_label=\u00bbEmail Optin\u00bb _builder_version=\u00bb4.24.3&#8243; _module_preset=\u00bbdefault\u00bb form_field_text_color=\u00bb#b5b5b5&#8243; form_field_focus_text_color=\u00bbgcid-b4327f39-1352-43f4-8c41-e340aa1f3e26&#8243; form_field_custom_padding=\u00bb10px||10px||true|false\u00bb result_message_text_align=\u00bbleft\u00bb result_message_line_height=\u00bb1.3em\u00bb form_field_font_size=\u00bb13px\u00bb background_enable_color=\u00bboff\u00bb use_background_color=\u00bboff\u00bb button_custom_margin_tablet=\u00bb10px||||false|false\u00bb button_custom_margin_phone=\u00bb10px||||false|false\u00bb button_custom_margin_last_edited=\u00bbon|phone\u00bb custom_margin_tablet=\u00bb||||false|false\u00bb custom_margin_last_edited=\u00bboff|tablet\u00bb custom_css_free_form=\u00bbselector #et_pb_signup_email {||    padding: 0.9em 1em!important;||  \tline-height: 1em;||}||||@media all and (max-width: 479px) {||\tselector .et_pb_newsletter_fields {||    -ms-flex-wrap: wrap!important;||    flex-wrap: wrap!important;||  }  ||}||||selector .et_pb_newsletter_fields {||  -ms-flex-wrap: nowrap;||\tflex-wrap: nowrap;||}||||selector .et_pb_newsletter_button_text {||\tfont-weight: 700;\t||}  ||||selector .et_pb_newsletter_button.et_pb_button {||\tpadding: 0.9em 1em!important;||  border-radius: 5px!important;||  font-size: 13px!important;||  line-height: 1em;||  width: fit-content!important;||}||||selector .et_pb_newsletter_button_wrap {  ||  -ms-flex-negative: 20;||    flex-shrink: 20;||}||||selector .et_pb_newsletter_field {|| *-webkit-box-flex: 10;||-ms-flex-positive: 10;||        flex-grow: 10;||  margin-right: 10px;||}\u00bb border_radii_fields=\u00bbon|5px|5px|5px|5px\u00bb locked=\u00bboff\u00bb global_colors_info=\u00bb{%22gcid-b4327f39-1352-43f4-8c41-e340aa1f3e26%22:%91%22form_field_focus_text_color%22,%22button_text_color%22,%22button_bg_color__hover%22%93,%22gcid-ebb3cd10-5f82-4448-8526-2c5d9777c47c%22:%91%22button_bg_color%22,%22button_border_color__hover%22,%22button_border_color%22,%22button_text_color__hover%22%93}\u00bb button_bg_color__hover_enabled=\u00bbon|desktop\u00bb button_bg_color__hover=\u00bb#001622&#8243; button_bg_enable_color__hover=\u00bbon\u00bb button_border_color__hover_enabled=\u00bbon|hover\u00bb button_border_color__hover=\u00bb#ceff28&#8243; button_text_color__hover_enabled=\u00bbon|hover\u00bb button_text_color__hover=\u00bb#ceff28&#8243;][\/et_pb_signup][\/et_pb_column][\/et_pb_row][\/et_pb_section][et_pb_section fb_built=\u00bb1&#8243; custom_padding_last_edited=\u00bbon|phone\u00bb _builder_version=\u00bb4.24.2&#8243; _module_preset=\u00bbdefault\u00bb custom_padding=\u00bb||0px|||\u00bb custom_padding_tablet=\u00bb\u00bb custom_padding_phone=\u00bb0px||||false|false\u00bb locked=\u00bboff\u00bb global_colors_info=\u00bb{}\u00bb][et_pb_row custom_padding_last_edited=\u00bbon|phone\u00bb _builder_version=\u00bb4.24.3&#8243; _module_preset=\u00bbdefault\u00bb custom_padding=\u00bb||||false|false\u00bb custom_padding_tablet=\u00bb||||false|false\u00bb custom_padding_phone=\u00bb||0px||false|false\u00bb global_colors_info=\u00bb{}\u00bb][et_pb_column type=\u00bb4_4&#8243; _builder_version=\u00bb4.24.2&#8243; _module_preset=\u00bbdefault\u00bb global_colors_info=\u00bb{}\u00bb][et_pb_text _builder_version=\u00bb4.24.3&#8243; _module_preset=\u00bbdefault\u00bb text_font=\u00bb|600|||||||\u00bb text_font_size=\u00bb40px\u00bb text_line_height=\u00bb1.4em\u00bb header_font=\u00bb|600|||||||\u00bb header_font_size=\u00bb40px\u00bb header_line_height=\u00bb1.4em\u00bb custom_margin=\u00bb||||false|false\u00bb text_font_size_tablet=\u00bb40px\u00bb text_font_size_phone=\u00bb30px\u00bb text_font_size_last_edited=\u00bbon|phone\u00bb header_font_size_tablet=\u00bb40px\u00bb header_font_size_phone=\u00bb30px\u00bb header_font_size_last_edited=\u00bbon|desktop\u00bb global_colors_info=\u00bb{}\u00bb]<\/p>\n<h1>\u00daltimos <span class=\"resaltado\">Contenidos <\/span><\/h1>\n<p>[\/et_pb_text][\/et_pb_column][\/et_pb_row][et_pb_row _builder_version=\u00bb4.24.2&#8243; _module_preset=\u00bbdefault\u00bb custom_padding=\u00bb||0px|||\u00bb global_colors_info=\u00bb{}\u00bb][et_pb_column type=\u00bb4_4&#8243; _builder_version=\u00bb4.24.2&#8243; _module_preset=\u00bbdefault\u00bb global_colors_info=\u00bb{}\u00bb][et_pb_blog fullwidth=\u00bboff\u00bb posts_number=\u00bb3&#8243; use_manual_excerpt=\u00bboff\u00bb show_more=\u00bbon\u00bb show_author=\u00bboff\u00bb show_date=\u00bboff\u00bb _builder_version=\u00bb4.25.0&#8243; _module_preset=\u00bbdefault\u00bb header_font=\u00bb|600|||||||\u00bb header_font_size=\u00bb24px\u00bb body_font=\u00bb||||||||\u00bb body_text_color=\u00bbgcid-b4327f39-1352-43f4-8c41-e340aa1f3e26&#8243; read_more_font=\u00bb||||||||\u00bb read_more_text_color=\u00bbgcid-b4327f39-1352-43f4-8c41-e340aa1f3e26&#8243; read_more_font_size=\u00bb18px\u00bb custom_padding=\u00bb||||false|false\u00bb border_width_all=\u00bb0px\u00bb border_radii_image=\u00bbon|30px|30px|30px|30px\u00bb box_shadow_style_image=\u00bbpreset2&#8243; box_shadow_horizontal_image=\u00bb3px\u00bb box_shadow_vertical_image=\u00bb3px\u00bb box_shadow_blur_image=\u00bb9px\u00bb global_colors_info=\u00bb{%22gcid-b4327f39-1352-43f4-8c41-e340aa1f3e26%22:%91%22body_text_color%22,%22read_more_text_color%22%93,%22gcid-c36b8280-decc-471d-bb64-cac2fbe6e420%22:%91%22read_more_text_color__hover%22%93}\u00bb read_more_text_color__hover_enabled=\u00bbon|hover\u00bb read_more_text_color__hover=\u00bb#25c6a0&#8243;][\/et_pb_blog][\/et_pb_column][\/et_pb_row][\/et_pb_section]<\/p>\n","protected":false},"excerpt":{"rendered":"<p>Obtenga informaci\u00f3n \u00fatil y las \u00faltimas novedades tecnol\u00f3gicas\u00daltimos Contenidos<\/p>\n","protected":false},"author":1,"featured_media":0,"parent":0,"menu_order":0,"comment_status":"closed","ping_status":"closed","template":"","meta":{"_acf_changed":false,"_et_pb_use_builder":"on","_et_pb_old_content":"","_et_gb_content_width":"","footnotes":""},"class_list":["post-30245","page","type-page","status-publish","hentry"],"acf":[],"_links":{"self":[{"href":"https:\/\/grupo-giga.com\/es\/wp-json\/wp\/v2\/pages\/30245","targetHints":{"allow":["GET"]}}],"collection":[{"href":"https:\/\/grupo-giga.com\/es\/wp-json\/wp\/v2\/pages"}],"about":[{"href":"https:\/\/grupo-giga.com\/es\/wp-json\/wp\/v2\/types\/page"}],"author":[{"embeddable":true,"href":"https:\/\/grupo-giga.com\/es\/wp-json\/wp\/v2\/users\/1"}],"replies":[{"embeddable":true,"href":"https:\/\/grupo-giga.com\/es\/wp-json\/wp\/v2\/comments?post=30245"}],"version-history":[{"count":12,"href":"https:\/\/grupo-giga.com\/es\/wp-json\/wp\/v2\/pages\/30245\/revisions"}],"predecessor-version":[{"id":34114,"href":"https:\/\/grupo-giga.com\/es\/wp-json\/wp\/v2\/pages\/30245\/revisions\/34114"}],"wp:attachment":[{"href":"https:\/\/grupo-giga.com\/es\/wp-json\/wp\/v2\/media?parent=30245"}],"curies":[{"name":"wp","href":"https:\/\/api.w.org\/{rel}","templated":true}]}}