{"id":29975,"date":"2024-05-20T15:02:09","date_gmt":"2024-05-20T18:02:09","guid":{"rendered":"https:\/\/rebranding.grupo-giga.com\/how-we-work\/"},"modified":"2025-12-17T15:51:09","modified_gmt":"2025-12-17T18:51:09","slug":"como-trabajamos","status":"publish","type":"page","link":"https:\/\/grupo-giga.com\/es\/como-trabajamos\/","title":{"rendered":"C\u00f3mo trabajamos"},"content":{"rendered":"<p>[et_pb_section fb_built=\u00bb1&#8243; custom_padding_last_edited=\u00bbon|phone\u00bb _builder_version=\u00bb4.25.0&#8243; _module_preset=\u00bbdefault\u00bb use_background_color_gradient=\u00bbon\u00bb background_color_gradient_direction=\u00bb90deg\u00bb background_color_gradient_stops=\u00bb#ffffff 18%|rgba(255,255,255,0) 78%\u00bb background_image=\u00bbhttps:\/\/grupo-giga.com\/wp-content\/uploads\/2024\/05\/HowWeWork-2.jpg\u00bb background_position=\u00bbtop_center\u00bb background_blend=\u00bboverlay\u00bb custom_padding=\u00bb100px||150px||false|false\u00bb custom_padding_tablet=\u00bb60px||0px||false|false\u00bb custom_padding_phone=\u00bb||0px||false|false\u00bb bottom_divider_style=\u00bbcurve\u00bb bottom_divider_color=\u00bb#FFFFFF\u00bb bottom_divider_height=\u00bb50px\u00bb bottom_divider_flip=\u00bbvertical\u00bb bottom_divider_height_tablet=\u00bb20px\u00bb bottom_divider_height_phone=\u00bb10px\u00bb bottom_divider_height_last_edited=\u00bbon|phone\u00bb background_last_edited=\u00bbon|phone\u00bb use_background_color_gradient_tablet=\u00bbon\u00bb use_background_color_gradient_phone=\u00bbon\u00bb background_color_gradient_direction_tablet=\u00bb180deg\u00bb background_color_gradient_direction_phone=\u00bb180deg\u00bb background_color_gradient_stops_tablet=\u00bb#efefef 77%|rgba(255,255,255,0) 100%\u00bb background_color_gradient_stops_phone=\u00bb#efefef 69%|rgba(255,255,255,0) 100%\u00bb background_enable_image_tablet=\u00bboff\u00bb global_colors_info=\u00bb{}\u00bb][et_pb_row column_structure=\u00bb1_2,1_2&#8243; use_custom_gutter=\u00bbon\u00bb gutter_width=\u00bb1&#8243; _builder_version=\u00bb4.24.2&#8243; _module_preset=\u00bbdefault\u00bb global_colors_info=\u00bb{}\u00bb][et_pb_column type=\u00bb1_2&#8243; _builder_version=\u00bb4.24.2&#8243; _module_preset=\u00bbdefault\u00bb global_colors_info=\u00bb{}\u00bb][et_pb_code module_class=\u00bbbreadcrumb\u00bb _builder_version=\u00bb4.24.2&#8243; _module_preset=\u00bbdefault\u00bb custom_margin=\u00bb||20px||false|false\u00bb global_colors_info=\u00bb{}\u00bb]<nav aria-label=\"breadcrumbs\" class=\"rank-math-breadcrumb\"><p><span class=\"last\">Home<\/span><\/p><\/nav>[\/et_pb_code][et_pb_text _builder_version=\u00bb4.25.0&#8243; _module_preset=\u00bbdefault\u00bb text_font=\u00bb|600|||||||\u00bb text_font_size=\u00bb48px\u00bb text_line_height=\u00bb1.1em\u00bb header_font=\u00bb|600|||||||\u00bb header_font_size=\u00bb48px\u00bb header_line_height=\u00bb1.1em\u00bb custom_margin=\u00bb||10px||false|false\u00bb text_font_size_tablet=\u00bb48px\u00bb text_font_size_phone=\u00bb40px\u00bb text_font_size_last_edited=\u00bbon|desktop\u00bb header_font_size_tablet=\u00bb48px\u00bb header_font_size_phone=\u00bb40px\u00bb header_font_size_last_edited=\u00bbon|phone\u00bb global_colors_info=\u00bb{}\u00bb]<\/p>\n<h1>Impulsado por 15 a\u00f1os de experiencia<\/h1>\n<p>[\/et_pb_text][et_pb_text _builder_version=\u00bb4.25.0&#8243; _module_preset=\u00bbdefault\u00bb text_font_size=\u00bb24px\u00bb text_line_height=\u00bb1.6em\u00bb custom_margin=\u00bb||30px||false|false\u00bb global_colors_info=\u00bb{}\u00bb]<\/p>\n<p>Impacto global en m\u00e1s de 30 pa\u00edses, el 99% de nuestros clientes nos vuelven a elegir.<\/p>\n<p>[\/et_pb_text][et_pb_button button_url=\u00bb@ET-DC@eyJkeW5hbWljIjp0cnVlLCJjb250ZW50IjoicG9zdF9saW5rX3VybF9wYWdlIiwic2V0dGluZ3MiOnsicG9zdF9pZCI6IjI4MTgxIn19@\u00bb button_text=\u00bbHablemos\u00bb _builder_version=\u00bb4.25.0&#8243; _dynamic_attributes=\u00bbbutton_url\u00bb _module_preset=\u00bbdefault\u00bb saved_tabs=\u00bball\u00bb global_colors_info=\u00bb{}\u00bb][\/et_pb_button][\/et_pb_column][et_pb_column type=\u00bb1_2&#8243; _builder_version=\u00bb4.24.2&#8243; _module_preset=\u00bbdefault\u00bb global_colors_info=\u00bb{}\u00bb][\/et_pb_column][\/et_pb_row][\/et_pb_section][et_pb_section fb_built=\u00bb1&#8243; custom_padding_last_edited=\u00bbon|tablet\u00bb _builder_version=\u00bb4.25.0&#8243; _module_preset=\u00bbdefault\u00bb custom_padding=\u00bb60px||||false|false\u00bb custom_padding_tablet=\u00bb0px||||false|false\u00bb custom_padding_phone=\u00bb0px||||false|false\u00bb global_colors_info=\u00bb{}\u00bb][et_pb_row _builder_version=\u00bb4.25.0&#8243; _module_preset=\u00bbdefault\u00bb global_colors_info=\u00bb{}\u00bb][et_pb_column type=\u00bb4_4&#8243; _builder_version=\u00bb4.25.0&#8243; _module_preset=\u00bbdefault\u00bb global_colors_info=\u00bb{}\u00bb][et_pb_filterable_portfolio fullwidth=\u00bboff\u00bb posts_number=\u00bb6&#8243; show_categories=\u00bboff\u00bb zoom_icon_color=\u00bbRGBA(255,255,255,0)\u00bb hover_overlay_color=\u00bbRGBA(255,255,255,0)\u00bb module_class=\u00bbportfolio_howwework\u00bb _builder_version=\u00bb4.27.4&#8243; _module_preset=\u00bbdefault\u00bb hover_enabled=\u00bb0&#8243; title_font_size_tablet=\u00bb20px\u00bb title_font_size_phone=\u00bb20px\u00bb title_font_size_last_edited=\u00bbon|tablet\u00bb global_colors_info=\u00bb{}\u00bb include_categories=\u00bb247,245,254,246,248,249,251,252,253,250&#8243; sticky_enabled=\u00bb0&#8243;][\/et_pb_filterable_portfolio][\/et_pb_column][\/et_pb_row][\/et_pb_section][et_pb_section fb_built=\u00bb1&#8243; prev_background_color=\u00bb#ffffff\u00bb _builder_version=\u00bb4.25.0&#8243; _module_preset=\u00bbdefault\u00bb background_color=\u00bbgcid-heading-color\u00bb top_divider_style=\u00bbcurve\u00bb top_divider_height=\u00bb50px\u00bb top_divider_flip=\u00bbvertical\u00bb top_divider_height_tablet=\u00bb20px\u00bb top_divider_height_phone=\u00bb10px\u00bb top_divider_height_last_edited=\u00bbon|phone\u00bb global_colors_info=\u00bb{%22gcid-heading-color%22:%91%22background_color%22%93}\u00bb][et_pb_row column_structure=\u00bb1_2,1_2&#8243; _builder_version=\u00bb4.25.0&#8243; _module_preset=\u00bbdefault\u00bb global_colors_info=\u00bb{}\u00bb][et_pb_column type=\u00bb1_2&#8243; _builder_version=\u00bb4.25.0&#8243; _module_preset=\u00bbdefault\u00bb global_colors_info=\u00bb{}\u00bb][et_pb_text module_class=\u00bbtypewritter_howwework\u00bb _builder_version=\u00bb4.27.4&#8243; _module_preset=\u00bbdefault\u00bb header_text_color=\u00bb#FFFFFF\u00bb header_3_text_color=\u00bb#FFFFFF\u00bb header_3_font_size=\u00bb30px\u00bb global_colors_info=\u00bb{}\u00bb]<span class=\"wrapper\"><span id=\"typewriter\" data-array=\"[&quot;UNICEF&quot;, &quot;AUDI&quot;, &quot;DOLBY&quot;, &quot;HDMI&quot;, &quot;IRONMAN&quot;, &quot;EARTHRANGER&quot;]\"><\/span><\/span><\/p>\n<h3>ya trabaj\u00f3 con nosotros, \u00bfComenzamos?<\/h3>\n<p>[\/et_pb_text][et_pb_button button_url=\u00bb@ET-DC@eyJkeW5hbWljIjp0cnVlLCJjb250ZW50IjoicG9zdF9saW5rX3VybF9wYWdlIiwic2V0dGluZ3MiOnsicG9zdF9pZCI6IjI4MTgxIn19@\u00bb button_text=\u00bbHablemos\u00bb _builder_version=\u00bb4.25.0&#8243; _dynamic_attributes=\u00bbbutton_url\u00bb _module_preset=\u00bbdefault\u00bb saved_tabs=\u00bball\u00bb global_colors_info=\u00bb{}\u00bb][\/et_pb_button][et_pb_code admin_label=\u00bbCargar Script typewriter\u00bb _builder_version=\u00bb4.25.1&#8243; _module_preset=\u00bbdefault\u00bb global_colors_info=\u00bb{}\u00bb]<pee>  <!-- [et_pb_line_break_holder] --><script><!-- [et_pb_line_break_holder] -->  \/\/ Obtener el elemento typewriter<!-- [et_pb_line_break_holder] -->var typeWriterElement = document.getElementById('typewriter');<!-- [et_pb_line_break_holder] --><!-- [et_pb_line_break_holder] -->\/\/ Obtener el valor del atributo data-array como una cadena<!-- [et_pb_line_break_holder] -->var textArrayString = typeWriterElement.getAttribute('data-array');<!-- [et_pb_line_break_holder] --><!-- [et_pb_line_break_holder] -->\/\/ Convertir la cadena JSON a un array de JavaScript<!-- [et_pb_line_break_holder] -->var textArray = JSON.parse(textArrayString);<!-- [et_pb_line_break_holder] --><!-- [et_pb_line_break_holder] -->\/\/ Funci\u00f3n para generar el efecto de retroceso<!-- [et_pb_line_break_holder] -->function delWriter(text, cb) {<!-- [et_pb_line_break_holder] -->    var i = text.length;<!-- [et_pb_line_break_holder] -->    var intervalId = setInterval(function() {<!-- [et_pb_line_break_holder] -->        if (i >= 0) {<!-- [et_pb_line_break_holder] -->            typeWriterElement.innerHTML = text.substring(0, i--);<!-- [et_pb_line_break_holder] -->        } else {<!-- [et_pb_line_break_holder] -->            clearInterval(intervalId);<!-- [et_pb_line_break_holder] -->            cb();<!-- [et_pb_line_break_holder] -->        }<!-- [et_pb_line_break_holder] -->    }, 100);<!-- [et_pb_line_break_holder] -->}<!-- [et_pb_line_break_holder] --><!-- [et_pb_line_break_holder] -->\/\/ Funci\u00f3n para generar el efecto de escribir<!-- [et_pb_line_break_holder] -->function typeWriter(text, cb) {<!-- [et_pb_line_break_holder] -->    var i = 0;<!-- [et_pb_line_break_holder] -->    var intervalId = setInterval(function() {<!-- [et_pb_line_break_holder] -->        if (i <= text.length) {<!-- [et_pb_line_break_holder] -->            typeWriterElement.innerHTML = text.substring(0, i++);<!-- [et_pb_line_break_holder] -->        } else {<!-- [et_pb_line_break_holder] -->            clearInterval(intervalId);<!-- [et_pb_line_break_holder] -->            cb();<!-- [et_pb_line_break_holder] -->        }<!-- [et_pb_line_break_holder] -->    }, 100);<!-- [et_pb_line_break_holder] -->}<!-- [et_pb_line_break_holder] --><!-- [et_pb_line_break_holder] -->\/\/ Funci\u00f3n principal de escritura<!-- [et_pb_line_break_holder] -->function StartWriter(i) {<!-- [et_pb_line_break_holder] -->    if (i >= textArray.length) {<!-- [et_pb_line_break_holder] -->        i = 0; \/\/ Reiniciar el \u00edndice si se alcanza el final del array<!-- [et_pb_line_break_holder] -->    }<!-- [et_pb_line_break_holder] -->    var currentWord = textArray[i];<!-- [et_pb_line_break_holder] -->    typeWriter(currentWord, function() {<!-- [et_pb_line_break_holder] -->        setTimeout(function() {<!-- [et_pb_line_break_holder] -->            delWriter(currentWord, function() {<!-- [et_pb_line_break_holder] -->                \/\/ Llamar recursivamente para pasar a la siguiente palabra<!-- [et_pb_line_break_holder] -->                StartWriter(i + 1);<!-- [et_pb_line_break_holder] -->            });<!-- [et_pb_line_break_holder] -->        }, 1500); \/\/ Esperar un segundo antes de iniciar el retroceso<!-- [et_pb_line_break_holder] -->    });<!-- [et_pb_line_break_holder] -->}<!-- [et_pb_line_break_holder] --><!-- [et_pb_line_break_holder] -->\/\/ Iniciar la m\u00e1quina de escribir<!-- [et_pb_line_break_holder] -->StartWriter(0);<!-- [et_pb_line_break_holder] --><\/script><!-- [et_pb_line_break_holder] -->  <\/pee>[\/et_pb_code][\/et_pb_column][et_pb_column type=\u00bb1_2&#8243; _builder_version=\u00bb4.25.0&#8243; _module_preset=\u00bbdefault\u00bb global_colors_info=\u00bb{}\u00bb][et_pb_image src=\u00bbhttps:\/\/grupo-giga.com\/wp-content\/uploads\/2024\/05\/casosestudio_banner.png\u00bb title_text=\u00bbcasosestudio_banner\u00bb _builder_version=\u00bb4.25.0&#8243; _module_preset=\u00bbdefault\u00bb transform_rotate=\u00bb0deg|0deg|5deg\u00bb custom_margin=\u00bb-90px||||false|false\u00bb custom_margin_tablet=\u00bb0px||||false|false\u00bb custom_margin_phone=\u00bb0px||||false|false\u00bb custom_margin_last_edited=\u00bbon|tablet\u00bb global_colors_info=\u00bb{}\u00bb][\/et_pb_image][\/et_pb_column][\/et_pb_row][\/et_pb_section]<\/p>\n","protected":false},"excerpt":{"rendered":"<p><nav aria-label=\"breadcrumbs\" class=\"rank-math-breadcrumb\"><p><span class=\"last\">Home<\/span><\/p><\/nav>Impulsado por 15 a\u00f1os de experienciaImpacto global en m\u00e1s de 30 pa\u00edses, el 99% de nuestros clientes nos vuelven a elegir. ya trabaj\u00f3 con nosotros, \u00bfComenzamos?<\/p>\n","protected":false},"author":1,"featured_media":0,"parent":0,"menu_order":0,"comment_status":"closed","ping_status":"closed","template":"","meta":{"_acf_changed":false,"_et_pb_use_builder":"on","_et_pb_old_content":"","_et_gb_content_width":"","footnotes":""},"class_list":["post-29975","page","type-page","status-publish","hentry"],"acf":[],"_links":{"self":[{"href":"https:\/\/grupo-giga.com\/es\/wp-json\/wp\/v2\/pages\/29975","targetHints":{"allow":["GET"]}}],"collection":[{"href":"https:\/\/grupo-giga.com\/es\/wp-json\/wp\/v2\/pages"}],"about":[{"href":"https:\/\/grupo-giga.com\/es\/wp-json\/wp\/v2\/types\/page"}],"author":[{"embeddable":true,"href":"https:\/\/grupo-giga.com\/es\/wp-json\/wp\/v2\/users\/1"}],"replies":[{"embeddable":true,"href":"https:\/\/grupo-giga.com\/es\/wp-json\/wp\/v2\/comments?post=29975"}],"version-history":[{"count":120,"href":"https:\/\/grupo-giga.com\/es\/wp-json\/wp\/v2\/pages\/29975\/revisions"}],"predecessor-version":[{"id":34592,"href":"https:\/\/grupo-giga.com\/es\/wp-json\/wp\/v2\/pages\/29975\/revisions\/34592"}],"wp:attachment":[{"href":"https:\/\/grupo-giga.com\/es\/wp-json\/wp\/v2\/media?parent=29975"}],"curies":[{"name":"wp","href":"https:\/\/api.w.org\/{rel}","templated":true}]}}